{"id":4289,"date":"2026-03-25T22:43:53","date_gmt":"2026-03-25T21:43:53","guid":{"rendered":"https:\/\/moliderue.net\/?post_type=product&#038;p=4289"},"modified":"2026-03-25T22:44:54","modified_gmt":"2026-03-25T21:44:54","slug":"tiquet-riu-i-vi-4-de-juliol-1730h","status":"publish","type":"product","link":"https:\/\/moliderue.net\/es\/producto\/tiquet-riu-i-vi-4-de-juliol-1730h\/","title":{"rendered":"Tiquet Riu i Vi (4 de juliol &#8211; 17:30h)"},"content":{"rendered":"","protected":false},"excerpt":{"rendered":"<p>Experiencia enotur\u00edstica que nos permite navegar durante 1 hora  por el r\u00edo Ebro con el la\u00fad \"Lo Roget\" haciendo una cata de dos vinos de nuestra bodega mientras disfrutamos del paisaje de Ribera. Al acabar nos desplazamos a nuestras instalaciones para hacer una degustaci\u00f3n de producto de proximidad acompa\u00f1ada del resto de vinos de la bodega.<\/p>\n<p>D\u00eda: <strong>4 de juliol<\/strong>\u00a0a las <strong>17:30 h<\/strong>.<\/p>\n<p>Duraci\u00f3n aproximada: 2\u202fh 30 min.<\/p>\n<p>M\u00ednimo 12 pax \u2013 M\u00e1ximo 30 pax<\/p>\n<p>Para acceder a la actividad, es importante que cada edad adquiera un ticket diferente, seg\u00fan las tarifas establecidas:<\/p>\n<ul>\n<li><strong>Adultos<\/strong> (a partir de 18 a\u00f1os): <strong>30\u202f\u20ac<\/strong> por persona.<\/li>\n<li>Ni\u00f1os de <strong>7 a 17 a\u00f1os<\/strong>: <strong>20\u202f\u20ac<\/strong> por persona.<\/li>\n<li><strong>Menores<\/strong> de <strong>6 a\u00f1os<\/strong>: Entrada <strong>gratuita<\/strong>.<\/li>\n<\/ul>\n<p>Aseguraos de seleccionar el ticket correcto para cada miembro de vuestro grupo seg\u00fan su edad y a\u00f1adidlo a la cesta. Gracias por vuestra comprensi\u00f3n y colaboraci\u00f3n.<\/p>\n<p>Fechas programadas por temporada. Podemos organizarlo por grupos de m\u00ednimo 12 personas en fechas concretas si nos contact\u00e1is.<\/p>","protected":false},"featured_media":4113,"template":"","meta":[],"product_brand":[],"product_cat":[125,126],"product_tag":[],"class_list":{"0":"post-4289","1":"product","2":"type-product","3":"status-publish","4":"has-post-thumbnail","6":"product_cat-esdeveniments","7":"product_cat-riu-i-vi","9":"first","10":"instock","11":"taxable","12":"shipping-taxable","13":"purchasable","14":"product-type-variable"},"yoast_head":"<!-- This site is optimized with the Yoast SEO plugin v27.2 - https:\/\/yoast.com\/product\/yoast-seo-wordpress\/ -->\n<title>Tiquet Riu i Vi (4 de juliol - 17:30h) - Mol\u00ed de Ru\u00e9<\/title>\n<meta name=\"robots\" content=\"index, follow, max-snippet:-1, max-image-preview:large, max-video-preview:-1\" \/>\n<link rel=\"canonical\" href=\"https:\/\/moliderue.net\/es\/producto\/tiquet-riu-i-vi-4-de-juliol-1730h\/\" \/>\n<meta property=\"og:locale\" content=\"es_ES\" \/>\n<meta property=\"og:type\" content=\"article\" \/>\n<meta property=\"og:title\" content=\"Tiquet Riu i Vi (4 de juliol - 17:30h) - Mol\u00ed de Ru\u00e9\" \/>\n<meta property=\"og:description\" content=\"Experi\u00e8ncia enotur\u00edstica que ens permet navegar durant 1 hora\u00a0 pel riu Ebre amb el lla\u00fct Lo Roget tot tastant dos vins del nostre celler mentre gaudim del paisatge de Ribera. En acabar ens desplacem a les nostres instal\u00b7lacions per fer una degustaci\u00f3 de producte de proximitat acompanyada de la resta de vins del celler.  Dia: 4 de juliol\u00a0a les 17:30 h.  Durada aproximada: 2\u202fh 30 min.  M\u00ednim 12 pax - M\u00e0xim 30 pax  Per accedir a l&#039;activitat, \u00e9s important que cada edat adquireixi un tiquet diferent, segons les tarifes establertes:   Adults (a partir de 18 anys): 30\u202f\u20ac per persona.  Nens de 7 a 17 anys: 20\u202f\u20ac per persona.  Menors de 6 anys: Entrada gratu\u00efta.  Assegureu-vos de seleccionar el tiquet correcte per a cada membre del vostre grup segons la seva edat i afegiu-lo a la cistella. Gr\u00e0cies per la vostra comprensi\u00f3 i col\u00b7laboraci\u00f3.  Dates programades per temporada. Podem organitzar-ho per grups de m\u00ednim 12 persones en dates concretes si ens contacteu.\" \/>\n<meta property=\"og:url\" content=\"https:\/\/moliderue.net\/es\/producto\/tiquet-riu-i-vi-4-de-juliol-1730h\/\" \/>\n<meta property=\"og:site_name\" content=\"Mol\u00ed de Ru\u00e9\" \/>\n<meta property=\"article:modified_time\" content=\"2026-03-25T21:44:54+00:00\" \/>\n<meta property=\"og:image\" content=\"https:\/\/moliderue.net\/wp-content\/uploads\/2025\/03\/WhatsApp-Image-2021-06-18-at-15.59.jpg\" \/>\n\t<meta property=\"og:image:width\" content=\"1200\" \/>\n\t<meta property=\"og:image:height\" content=\"621\" \/>\n\t<meta property=\"og:image:type\" content=\"image\/jpeg\" \/>\n<meta name=\"twitter:card\" content=\"summary_large_image\" \/>\n<meta name=\"twitter:label1\" content=\"Tiempo de lectura\" \/>\n\t<meta name=\"twitter:data1\" content=\"1 minuto\" \/>\n<script type=\"application\/ld+json\" class=\"yoast-schema-graph\">{\"@context\":\"https:\/\/schema.org\",\"@graph\":[{\"@type\":\"WebPage\",\"@id\":\"https:\/\/moliderue.net\/producte\/tiquet-riu-i-vi-4-de-juliol-1730h\/\",\"url\":\"https:\/\/moliderue.net\/producte\/tiquet-riu-i-vi-4-de-juliol-1730h\/\",\"name\":\"Tiquet Riu i Vi (4 de juliol - 17:30h) - Mol\u00ed de Ru\u00e9\",\"isPartOf\":{\"@id\":\"https:\/\/moliderue.net\/es\/#website\"},\"primaryImageOfPage\":{\"@id\":\"https:\/\/moliderue.net\/producte\/tiquet-riu-i-vi-4-de-juliol-1730h\/#primaryimage\"},\"image\":{\"@id\":\"https:\/\/moliderue.net\/producte\/tiquet-riu-i-vi-4-de-juliol-1730h\/#primaryimage\"},\"thumbnailUrl\":\"https:\/\/moliderue.net\/wp-content\/uploads\/2025\/03\/WhatsApp-Image-2021-06-18-at-15.59.jpg\",\"datePublished\":\"2026-03-25T21:43:53+00:00\",\"dateModified\":\"2026-03-25T21:44:54+00:00\",\"breadcrumb\":{\"@id\":\"https:\/\/moliderue.net\/producte\/tiquet-riu-i-vi-4-de-juliol-1730h\/#breadcrumb\"},\"inLanguage\":\"es\",\"potentialAction\":[{\"@type\":\"ReadAction\",\"target\":[\"https:\/\/moliderue.net\/producte\/tiquet-riu-i-vi-4-de-juliol-1730h\/\"]}]},{\"@type\":\"ImageObject\",\"inLanguage\":\"es\",\"@id\":\"https:\/\/moliderue.net\/producte\/tiquet-riu-i-vi-4-de-juliol-1730h\/#primaryimage\",\"url\":\"https:\/\/moliderue.net\/wp-content\/uploads\/2025\/03\/WhatsApp-Image-2021-06-18-at-15.59.jpg\",\"contentUrl\":\"https:\/\/moliderue.net\/wp-content\/uploads\/2025\/03\/WhatsApp-Image-2021-06-18-at-15.59.jpg\",\"width\":1200,\"height\":621},{\"@type\":\"BreadcrumbList\",\"@id\":\"https:\/\/moliderue.net\/producte\/tiquet-riu-i-vi-4-de-juliol-1730h\/#breadcrumb\",\"itemListElement\":[{\"@type\":\"ListItem\",\"position\":1,\"name\":\"Inici\",\"item\":\"https:\/\/moliderue.net\/\"},{\"@type\":\"ListItem\",\"position\":2,\"name\":\"Botiga\",\"item\":\"https:\/\/moliderue.net\/botiga\/\"},{\"@type\":\"ListItem\",\"position\":3,\"name\":\"Tiquet Riu i Vi (4 de juliol &#8211; 17:30h)\"}]},{\"@type\":\"WebSite\",\"@id\":\"https:\/\/moliderue.net\/es\/#website\",\"url\":\"https:\/\/moliderue.net\/es\/\",\"name\":\"Mol\u00ed de Ru\u00e9\",\"description\":\"\",\"potentialAction\":[{\"@type\":\"SearchAction\",\"target\":{\"@type\":\"EntryPoint\",\"urlTemplate\":\"https:\/\/moliderue.net\/es\/?s={search_term_string}\"},\"query-input\":{\"@type\":\"PropertyValueSpecification\",\"valueRequired\":true,\"valueName\":\"search_term_string\"}}],\"inLanguage\":\"es\"}]}<\/script>\n<!-- \/ Yoast SEO plugin. -->","yoast_head_json":{"title":"Tiquet Riu i Vi (4 de juliol - 17:30h) - Mol\u00ed de Ru\u00e9","robots":{"index":"index","follow":"follow","max-snippet":"max-snippet:-1","max-image-preview":"max-image-preview:large","max-video-preview":"max-video-preview:-1"},"canonical":"https:\/\/moliderue.net\/es\/producto\/tiquet-riu-i-vi-4-de-juliol-1730h\/","og_locale":"es_ES","og_type":"article","og_title":"Tiquet Riu i Vi (4 de juliol - 17:30h) - Mol\u00ed de Ru\u00e9","og_description":"Experi\u00e8ncia enotur\u00edstica que ens permet navegar durant 1 hora\u00a0 pel riu Ebre amb el lla\u00fct Lo Roget tot tastant dos vins del nostre celler mentre gaudim del paisatge de Ribera. En acabar ens desplacem a les nostres instal\u00b7lacions per fer una degustaci\u00f3 de producte de proximitat acompanyada de la resta de vins del celler.  Dia: 4 de juliol\u00a0a les 17:30 h.  Durada aproximada: 2\u202fh 30 min.  M\u00ednim 12 pax - M\u00e0xim 30 pax  Per accedir a l'activitat, \u00e9s important que cada edat adquireixi un tiquet diferent, segons les tarifes establertes:   Adults (a partir de 18 anys): 30\u202f\u20ac per persona.  Nens de 7 a 17 anys: 20\u202f\u20ac per persona.  Menors de 6 anys: Entrada gratu\u00efta.  Assegureu-vos de seleccionar el tiquet correcte per a cada membre del vostre grup segons la seva edat i afegiu-lo a la cistella. Gr\u00e0cies per la vostra comprensi\u00f3 i col\u00b7laboraci\u00f3.  Dates programades per temporada. Podem organitzar-ho per grups de m\u00ednim 12 persones en dates concretes si ens contacteu.","og_url":"https:\/\/moliderue.net\/es\/producto\/tiquet-riu-i-vi-4-de-juliol-1730h\/","og_site_name":"Mol\u00ed de Ru\u00e9","article_modified_time":"2026-03-25T21:44:54+00:00","og_image":[{"width":1200,"height":621,"url":"https:\/\/moliderue.net\/wp-content\/uploads\/2025\/03\/WhatsApp-Image-2021-06-18-at-15.59.jpg","type":"image\/jpeg"}],"twitter_card":"summary_large_image","twitter_misc":{"Tiempo de lectura":"1 minuto"},"schema":{"@context":"https:\/\/schema.org","@graph":[{"@type":"WebPage","@id":"https:\/\/moliderue.net\/producte\/tiquet-riu-i-vi-4-de-juliol-1730h\/","url":"https:\/\/moliderue.net\/producte\/tiquet-riu-i-vi-4-de-juliol-1730h\/","name":"Tiquet Riu i Vi (4 de juliol - 17:30h) - Mol\u00ed de Ru\u00e9","isPartOf":{"@id":"https:\/\/moliderue.net\/es\/#website"},"primaryImageOfPage":{"@id":"https:\/\/moliderue.net\/producte\/tiquet-riu-i-vi-4-de-juliol-1730h\/#primaryimage"},"image":{"@id":"https:\/\/moliderue.net\/producte\/tiquet-riu-i-vi-4-de-juliol-1730h\/#primaryimage"},"thumbnailUrl":"https:\/\/moliderue.net\/wp-content\/uploads\/2025\/03\/WhatsApp-Image-2021-06-18-at-15.59.jpg","datePublished":"2026-03-25T21:43:53+00:00","dateModified":"2026-03-25T21:44:54+00:00","breadcrumb":{"@id":"https:\/\/moliderue.net\/producte\/tiquet-riu-i-vi-4-de-juliol-1730h\/#breadcrumb"},"inLanguage":"es","potentialAction":[{"@type":"ReadAction","target":["https:\/\/moliderue.net\/producte\/tiquet-riu-i-vi-4-de-juliol-1730h\/"]}]},{"@type":"ImageObject","inLanguage":"es","@id":"https:\/\/moliderue.net\/producte\/tiquet-riu-i-vi-4-de-juliol-1730h\/#primaryimage","url":"https:\/\/moliderue.net\/wp-content\/uploads\/2025\/03\/WhatsApp-Image-2021-06-18-at-15.59.jpg","contentUrl":"https:\/\/moliderue.net\/wp-content\/uploads\/2025\/03\/WhatsApp-Image-2021-06-18-at-15.59.jpg","width":1200,"height":621},{"@type":"BreadcrumbList","@id":"https:\/\/moliderue.net\/producte\/tiquet-riu-i-vi-4-de-juliol-1730h\/#breadcrumb","itemListElement":[{"@type":"ListItem","position":1,"name":"Inici","item":"https:\/\/moliderue.net\/"},{"@type":"ListItem","position":2,"name":"Botiga","item":"https:\/\/moliderue.net\/botiga\/"},{"@type":"ListItem","position":3,"name":"Tiquet Riu i Vi (4 de juliol &#8211; 17:30h)"}]},{"@type":"WebSite","@id":"https:\/\/moliderue.net\/es\/#website","url":"https:\/\/moliderue.net\/es\/","name":"Mol\u00ed de Ru\u00e9","description":"","potentialAction":[{"@type":"SearchAction","target":{"@type":"EntryPoint","urlTemplate":"https:\/\/moliderue.net\/es\/?s={search_term_string}"},"query-input":{"@type":"PropertyValueSpecification","valueRequired":true,"valueName":"search_term_string"}}],"inLanguage":"es"}]}},"publishpress_future_action":{"enabled":false,"date":"2026-04-12 12:38:50","action":"change-status","newStatus":"draft","terms":[],"taxonomy":"product_visibility","extraData":[]},"publishpress_future_workflow_manual_trigger":{"enabledWorkflows":[]},"_links":{"self":[{"href":"https:\/\/moliderue.net\/es\/wp-json\/wp\/v2\/product\/4289","targetHints":{"allow":["GET"]}}],"collection":[{"href":"https:\/\/moliderue.net\/es\/wp-json\/wp\/v2\/product"}],"about":[{"href":"https:\/\/moliderue.net\/es\/wp-json\/wp\/v2\/types\/product"}],"wp:featuredmedia":[{"embeddable":true,"href":"https:\/\/moliderue.net\/es\/wp-json\/wp\/v2\/media\/4113"}],"wp:attachment":[{"href":"https:\/\/moliderue.net\/es\/wp-json\/wp\/v2\/media?parent=4289"}],"wp:term":[{"taxonomy":"product_brand","embeddable":true,"href":"https:\/\/moliderue.net\/es\/wp-json\/wp\/v2\/product_brand?post=4289"},{"taxonomy":"product_cat","embeddable":true,"href":"https:\/\/moliderue.net\/es\/wp-json\/wp\/v2\/product_cat?post=4289"},{"taxonomy":"product_tag","embeddable":true,"href":"https:\/\/moliderue.net\/es\/wp-json\/wp\/v2\/product_tag?post=4289"}],"curies":[{"name":"wp","href":"https:\/\/api.w.org\/{rel}","templated":true}]}}