{"id":3836,"date":"2023-08-09T10:32:25","date_gmt":"2023-08-09T08:32:25","guid":{"rendered":"https:\/\/moliderue.net\/?post_type=product&#038;p=3836"},"modified":"2025-03-05T10:54:26","modified_gmt":"2025-03-05T09:54:26","slug":"sol-i-serena-vimblanc","status":"publish","type":"product","link":"https:\/\/moliderue.net\/es\/producto\/sol-i-serena-vimblanc\/","title":{"rendered":"Sol y Serena Vimblanco \u2013 Macabeo"},"content":{"rendered":"","protected":false},"excerpt":{"rendered":"<p>Representa la recuperaci\u00f3n del tradicional vimblanco de Vinebre, un vino naturalmente dulce elaborado con uva macabeo dejando a sol y serena durante diez-quince d\u00edas, que nos permite obtener un mosto muy dulce y concentrado, que fermenta muy lentamente hasta unos nueve-diez grados de alcohol y que despu\u00e9s pasa por un proceso de crianza por solera hasta llegar al embotellado.<\/p>\n<p>De color \u00e1mbar y con mucha l\u00e1grima. Es un vino muy arom\u00e1tico donde predomina la pasa, los \"orellons\", los higos secos y un delicado toque tostado de la crianza. En boca tiene una entrada dulce y untuoso confirmando las aromas de fruta pasificada. Es un vino largo, goloso, con una buena acidez que le aporta un final equilibrado.<\/p>\n<p>Maridar con frutos secos y postres de chocolate negro, y nos encanta acompa\u00f1ar quesos y foie.<\/p>","protected":false},"featured_media":3221,"template":"","meta":[],"product_brand":[],"product_cat":[122],"product_tag":[],"class_list":{"0":"post-3836","1":"product","2":"type-product","3":"status-publish","4":"has-post-thumbnail","6":"product_cat-vins","8":"first","9":"instock","10":"taxable","11":"shipping-taxable","12":"purchasable","13":"product-type-simple"},"yoast_head":"<!-- This site is optimized with the Yoast SEO plugin v27.4 - https:\/\/yoast.com\/product\/yoast-seo-wordpress\/ -->\n<title>Sol i Serena Vimblanc - Macabeu - Mol\u00ed de Ru\u00e9<\/title>\n<meta name=\"description\" content=\"Representa la recuperaci\u00f3 del tradicional vimblanc de Vinebre, un vi naturalment dol\u00e7 elaborat amb ra\u00efm macabeu deixat a sol i serena...\" \/>\n<meta name=\"robots\" content=\"index, follow, max-snippet:-1, max-image-preview:large, max-video-preview:-1\" \/>\n<link rel=\"canonical\" href=\"https:\/\/moliderue.net\/es\/producto\/sol-i-serena-vimblanc\/\" \/>\n<meta property=\"og:locale\" content=\"es_ES\" \/>\n<meta property=\"og:type\" content=\"article\" \/>\n<meta property=\"og:title\" content=\"Sol i Serena Vimblanc - Macabeu - Mol\u00ed de Ru\u00e9\" \/>\n<meta property=\"og:description\" content=\"Representa la recuperaci\u00f3 del tradicional vimblanc de Vinebre, un vi naturalment dol\u00e7 elaborat amb ra\u00efm macabeu deixat a sol i serena...\" \/>\n<meta property=\"og:url\" content=\"https:\/\/moliderue.net\/es\/producto\/sol-i-serena-vimblanc\/\" \/>\n<meta property=\"og:site_name\" content=\"Mol\u00ed de Ru\u00e9\" \/>\n<meta property=\"article:modified_time\" content=\"2025-03-05T09:54:26+00:00\" \/>\n<meta property=\"og:image\" content=\"https:\/\/moliderue.net\/wp-content\/uploads\/2023\/07\/Copia-de-sol-i-serena-web.jpg\" \/>\n\t<meta property=\"og:image:width\" content=\"799\" \/>\n\t<meta property=\"og:image:height\" content=\"1200\" \/>\n\t<meta property=\"og:image:type\" content=\"image\/jpeg\" \/>\n<meta name=\"twitter:card\" content=\"summary_large_image\" \/>\n<script type=\"application\/ld+json\" class=\"yoast-schema-graph\">{\"@context\":\"https:\\\/\\\/schema.org\",\"@graph\":[{\"@type\":\"WebPage\",\"@id\":\"https:\\\/\\\/moliderue.net\\\/producte\\\/sol-i-serena-vimblanc\\\/\",\"url\":\"https:\\\/\\\/moliderue.net\\\/producte\\\/sol-i-serena-vimblanc\\\/\",\"name\":\"Sol i Serena Vimblanc - Macabeu - Mol\u00ed de Ru\u00e9\",\"isPartOf\":{\"@id\":\"https:\\\/\\\/moliderue.net\\\/es\\\/#website\"},\"primaryImageOfPage\":{\"@id\":\"https:\\\/\\\/moliderue.net\\\/producte\\\/sol-i-serena-vimblanc\\\/#primaryimage\"},\"image\":{\"@id\":\"https:\\\/\\\/moliderue.net\\\/producte\\\/sol-i-serena-vimblanc\\\/#primaryimage\"},\"thumbnailUrl\":\"https:\\\/\\\/moliderue.net\\\/wp-content\\\/uploads\\\/2023\\\/07\\\/Copia-de-sol-i-serena-web.jpg\",\"datePublished\":\"2023-08-09T08:32:25+00:00\",\"dateModified\":\"2025-03-05T09:54:26+00:00\",\"description\":\"Representa la recuperaci\u00f3 del tradicional vimblanc de Vinebre, un vi naturalment dol\u00e7 elaborat amb ra\u00efm macabeu deixat a sol i serena...\",\"breadcrumb\":{\"@id\":\"https:\\\/\\\/moliderue.net\\\/producte\\\/sol-i-serena-vimblanc\\\/#breadcrumb\"},\"inLanguage\":\"es\",\"potentialAction\":[{\"@type\":\"ReadAction\",\"target\":[\"https:\\\/\\\/moliderue.net\\\/producte\\\/sol-i-serena-vimblanc\\\/\"]}]},{\"@type\":\"ImageObject\",\"inLanguage\":\"es\",\"@id\":\"https:\\\/\\\/moliderue.net\\\/producte\\\/sol-i-serena-vimblanc\\\/#primaryimage\",\"url\":\"https:\\\/\\\/moliderue.net\\\/wp-content\\\/uploads\\\/2023\\\/07\\\/Copia-de-sol-i-serena-web.jpg\",\"contentUrl\":\"https:\\\/\\\/moliderue.net\\\/wp-content\\\/uploads\\\/2023\\\/07\\\/Copia-de-sol-i-serena-web.jpg\",\"width\":799,\"height\":1200,\"caption\":\"Fotografia de la botella Sol i Serena.\"},{\"@type\":\"BreadcrumbList\",\"@id\":\"https:\\\/\\\/moliderue.net\\\/producte\\\/sol-i-serena-vimblanc\\\/#breadcrumb\",\"itemListElement\":[{\"@type\":\"ListItem\",\"position\":1,\"name\":\"Inici\",\"item\":\"https:\\\/\\\/moliderue.net\\\/\"},{\"@type\":\"ListItem\",\"position\":2,\"name\":\"Botiga\",\"item\":\"https:\\\/\\\/moliderue.net\\\/botiga\\\/\"},{\"@type\":\"ListItem\",\"position\":3,\"name\":\"Sol i Serena Vimblanc &#8211; Macabeu\"}]},{\"@type\":\"WebSite\",\"@id\":\"https:\\\/\\\/moliderue.net\\\/es\\\/#website\",\"url\":\"https:\\\/\\\/moliderue.net\\\/es\\\/\",\"name\":\"Mol\u00ed de Ru\u00e9\",\"description\":\"\",\"potentialAction\":[{\"@type\":\"SearchAction\",\"target\":{\"@type\":\"EntryPoint\",\"urlTemplate\":\"https:\\\/\\\/moliderue.net\\\/es\\\/?s={search_term_string}\"},\"query-input\":{\"@type\":\"PropertyValueSpecification\",\"valueRequired\":true,\"valueName\":\"search_term_string\"}}],\"inLanguage\":\"es\"}]}<\/script>\n<!-- \/ Yoast SEO plugin. -->","yoast_head_json":{"title":"Sol i Serena Vimblanc - Macabeu - Mol\u00ed de Ru\u00e9","description":"Representa la recuperaci\u00f3 del tradicional vimblanc de Vinebre, un vi naturalment dol\u00e7 elaborat amb ra\u00efm macabeu deixat a sol i serena...","robots":{"index":"index","follow":"follow","max-snippet":"max-snippet:-1","max-image-preview":"max-image-preview:large","max-video-preview":"max-video-preview:-1"},"canonical":"https:\/\/moliderue.net\/es\/producto\/sol-i-serena-vimblanc\/","og_locale":"es_ES","og_type":"article","og_title":"Sol i Serena Vimblanc - Macabeu - Mol\u00ed de Ru\u00e9","og_description":"Representa la recuperaci\u00f3 del tradicional vimblanc de Vinebre, un vi naturalment dol\u00e7 elaborat amb ra\u00efm macabeu deixat a sol i serena...","og_url":"https:\/\/moliderue.net\/es\/producto\/sol-i-serena-vimblanc\/","og_site_name":"Mol\u00ed de Ru\u00e9","article_modified_time":"2025-03-05T09:54:26+00:00","og_image":[{"width":799,"height":1200,"url":"https:\/\/moliderue.net\/wp-content\/uploads\/2023\/07\/Copia-de-sol-i-serena-web.jpg","type":"image\/jpeg"}],"twitter_card":"summary_large_image","schema":{"@context":"https:\/\/schema.org","@graph":[{"@type":"WebPage","@id":"https:\/\/moliderue.net\/producte\/sol-i-serena-vimblanc\/","url":"https:\/\/moliderue.net\/producte\/sol-i-serena-vimblanc\/","name":"Sol i Serena Vimblanc - Macabeu - Mol\u00ed de Ru\u00e9","isPartOf":{"@id":"https:\/\/moliderue.net\/es\/#website"},"primaryImageOfPage":{"@id":"https:\/\/moliderue.net\/producte\/sol-i-serena-vimblanc\/#primaryimage"},"image":{"@id":"https:\/\/moliderue.net\/producte\/sol-i-serena-vimblanc\/#primaryimage"},"thumbnailUrl":"https:\/\/moliderue.net\/wp-content\/uploads\/2023\/07\/Copia-de-sol-i-serena-web.jpg","datePublished":"2023-08-09T08:32:25+00:00","dateModified":"2025-03-05T09:54:26+00:00","description":"Representa la recuperaci\u00f3 del tradicional vimblanc de Vinebre, un vi naturalment dol\u00e7 elaborat amb ra\u00efm macabeu deixat a sol i serena...","breadcrumb":{"@id":"https:\/\/moliderue.net\/producte\/sol-i-serena-vimblanc\/#breadcrumb"},"inLanguage":"es","potentialAction":[{"@type":"ReadAction","target":["https:\/\/moliderue.net\/producte\/sol-i-serena-vimblanc\/"]}]},{"@type":"ImageObject","inLanguage":"es","@id":"https:\/\/moliderue.net\/producte\/sol-i-serena-vimblanc\/#primaryimage","url":"https:\/\/moliderue.net\/wp-content\/uploads\/2023\/07\/Copia-de-sol-i-serena-web.jpg","contentUrl":"https:\/\/moliderue.net\/wp-content\/uploads\/2023\/07\/Copia-de-sol-i-serena-web.jpg","width":799,"height":1200,"caption":"Fotografia de la botella Sol i Serena."},{"@type":"BreadcrumbList","@id":"https:\/\/moliderue.net\/producte\/sol-i-serena-vimblanc\/#breadcrumb","itemListElement":[{"@type":"ListItem","position":1,"name":"Inici","item":"https:\/\/moliderue.net\/"},{"@type":"ListItem","position":2,"name":"Botiga","item":"https:\/\/moliderue.net\/botiga\/"},{"@type":"ListItem","position":3,"name":"Sol i Serena Vimblanc &#8211; Macabeu"}]},{"@type":"WebSite","@id":"https:\/\/moliderue.net\/es\/#website","url":"https:\/\/moliderue.net\/es\/","name":"Mol\u00ed de Ru\u00e9","description":"","potentialAction":[{"@type":"SearchAction","target":{"@type":"EntryPoint","urlTemplate":"https:\/\/moliderue.net\/es\/?s={search_term_string}"},"query-input":{"@type":"PropertyValueSpecification","valueRequired":true,"valueName":"search_term_string"}}],"inLanguage":"es"}]}},"publishpress_future_action":{"enabled":false,"date":"2026-05-07 04:37:25","action":"change-status","newStatus":"draft","terms":[],"taxonomy":"product_visibility","extraData":[]},"publishpress_future_workflow_manual_trigger":{"enabledWorkflows":[]},"_links":{"self":[{"href":"https:\/\/moliderue.net\/es\/wp-json\/wp\/v2\/product\/3836","targetHints":{"allow":["GET"]}}],"collection":[{"href":"https:\/\/moliderue.net\/es\/wp-json\/wp\/v2\/product"}],"about":[{"href":"https:\/\/moliderue.net\/es\/wp-json\/wp\/v2\/types\/product"}],"wp:featuredmedia":[{"embeddable":true,"href":"https:\/\/moliderue.net\/es\/wp-json\/wp\/v2\/media\/3221"}],"wp:attachment":[{"href":"https:\/\/moliderue.net\/es\/wp-json\/wp\/v2\/media?parent=3836"}],"wp:term":[{"taxonomy":"product_brand","embeddable":true,"href":"https:\/\/moliderue.net\/es\/wp-json\/wp\/v2\/product_brand?post=3836"},{"taxonomy":"product_cat","embeddable":true,"href":"https:\/\/moliderue.net\/es\/wp-json\/wp\/v2\/product_cat?post=3836"},{"taxonomy":"product_tag","embeddable":true,"href":"https:\/\/moliderue.net\/es\/wp-json\/wp\/v2\/product_tag?post=3836"}],"curies":[{"name":"wp","href":"https:\/\/api.w.org\/{rel}","templated":true}]}}